{"id":30,"date":"2021-01-28T17:14:16","date_gmt":"2021-01-28T17:14:16","guid":{"rendered":"http:\/\/www.funimec.org\/portal\/?page_id=30"},"modified":"2021-01-28T17:28:27","modified_gmt":"2021-01-28T17:28:27","slug":"nosotros","status":"publish","type":"page","link":"http:\/\/www.funimec.org\/portal\/index.php\/nosotros\/","title":{"rendered":"Nosotros"},"content":{"rendered":"<p><strong>FUNIMEC<\/strong>, <em>Fundaci\u00f3n Internacional para la Mejora Continua<\/em>, es una organizaci\u00f3n no gubernamental, sin fines de lucro, cuya misi\u00f3n es fomentar la mejora continua como pilar para la sustentabilidad global de la sociedad, para lo cual consideramos la herramienta de la formaci\u00f3n continua como una base para la mejorar en todos los aspectos posibles.<\/p>\n<p><strong>\u00bfQu\u00e9 hacemos? <\/strong><\/p>\n<p>\u2022 Promovemos la participaci\u00f3n de organizaciones y de empresas a forma parte de una red de formaci\u00f3n continua internacional, que se involucren en el desarrollo sustentable del planeta, pensando la capacitaci\u00f3n en la mejora continua como un modelo para la entrega de soluciones concretas.<br \/>\n\u2022 Organizamos acciones de capacitaci\u00f3n gratuitas, relacionadas con la mejora continua, con el fin de crear conciencia en la personas sobre la importancia del desarrollo del talento humano como medio de asegurar el crecimiento del individuo y de la sociedad.<br \/>\n\u2022 Fomentamos el desarrollo de acciones de capacitaci\u00f3n centradas en la calidad de la educaci\u00f3n y basadas en la filosof\u00eda de la mejora continua, que adem\u00e1s contengan un objetivo manifiesto de responsabilidad social; de este modo procuramos motivar a las organizaciones asociadas a la entrega de formaci\u00f3n subsidiada para lograr que cada d\u00eda aumente el n\u00famero de usuarios forjadores de la filosof\u00eda que nos gu\u00eda.<br \/>\n\u2022 Acreditamos a nuestras organizaciones socias con el prop\u00f3sito de demostrar que su modelo educativo-laboral se orienta a la filosof\u00eda de la mejora continua; que forman al talento humano bajo s\u00f3lidos principios inspirados en esta metodolog\u00eda, y que sus acciones de capacitaci\u00f3n cumplen con los requisitos de nuestra filosof\u00eda.<\/p>\n<p><strong>Nuestra Misi\u00f3n<\/strong><\/p>\n<p>Promover el desarrollo integro del hombre, mediante la formaci\u00f3n por competencias basadas en la filosof\u00eda de la mejora continua de manera que el talento humano adquiera herramientas clave en materia educativa que le permitan mejorar su desempe\u00f1o tanto en lo personal, como familiar y el \u00e1rea ocupacional.<\/p>\n<p><strong>Nuestra Visi\u00f3n<\/strong><\/p>\n<p>Convertirnos en una organizaci\u00f3n mundialmente reconocida por su capacidad de ofrecer acreditaci\u00f3n en formaci\u00f3n continua, garantes de la formaci\u00f3n continua por competencias, basada la filosof\u00eda de la mejora continua.<\/p>\n","protected":false},"excerpt":{"rendered":"<p>FUNIMEC, Fundaci\u00f3n Internacional para la Mejora Continua, es una organizaci\u00f3n no gubernamental, sin fines de lucro, cuya misi\u00f3n es fomentar la mejora continua como pilar para la sustentabilidad global de la sociedad, para lo cual consideramos la herramienta de la formaci\u00f3n continua como una base para la mejorar en todos los aspectos posibles. \u00bfQu\u00e9 hacemos?&hellip; <br \/> <a class=\"read-more\" href=\"http:\/\/www.funimec.org\/portal\/index.php\/nosotros\/\">Leer m\u00e1s<\/a><\/p>\n","protected":false},"author":1,"featured_media":0,"parent":0,"menu_order":0,"comment_status":"closed","ping_status":"closed","template":"","meta":{"footnotes":""},"class_list":["post-30","page","type-page","status-publish","hentry"],"yoast_head":"<!-- This site is optimized with the Yoast SEO plugin v15.7 - https:\/\/yoast.com\/wordpress\/plugins\/seo\/ -->\n<title>Nosotros - FUNIMEC<\/title>\n<meta name=\"robots\" content=\"index, follow, max-snippet:-1, max-image-preview:large, max-video-preview:-1\" \/>\n<link rel=\"canonical\" href=\"http:\/\/www.funimec.org\/portal\/index.php\/nosotros\/\" \/>\n<meta property=\"og:locale\" content=\"es_ES\" \/>\n<meta property=\"og:type\" content=\"article\" \/>\n<meta property=\"og:title\" content=\"Nosotros - FUNIMEC\" \/>\n<meta property=\"og:description\" content=\"FUNIMEC, Fundaci\u00f3n Internacional para la Mejora Continua, es una organizaci\u00f3n no gubernamental, sin fines de lucro, cuya misi\u00f3n es fomentar la mejora continua como pilar para la sustentabilidad global de la sociedad, para lo cual consideramos la herramienta de la formaci\u00f3n continua como una base para la mejorar en todos los aspectos posibles. \u00bfQu\u00e9 hacemos?&hellip; Leer m\u00e1s\" \/>\n<meta property=\"og:url\" content=\"http:\/\/www.funimec.org\/portal\/index.php\/nosotros\/\" \/>\n<meta property=\"og:site_name\" content=\"FUNIMEC\" \/>\n<meta property=\"article:modified_time\" content=\"2021-01-28T17:28:27+00:00\" \/>\n<meta name=\"twitter:card\" content=\"summary_large_image\" \/>\n<meta name=\"twitter:label1\" content=\"Tiempo de lectura\">\n\t<meta name=\"twitter:data1\" content=\"1 minuto\">\n<script type=\"application\/ld+json\" class=\"yoast-schema-graph\">{\"@context\":\"https:\/\/schema.org\",\"@graph\":[{\"@type\":\"WebSite\",\"@id\":\"http:\/\/www.funimec.org\/portal\/#website\",\"url\":\"http:\/\/www.funimec.org\/portal\/\",\"name\":\"FUNIMEC\",\"description\":\"Fundaci&oacute;n Internacional para la Mejora Continua\",\"potentialAction\":[{\"@type\":\"SearchAction\",\"target\":\"http:\/\/www.funimec.org\/portal\/?s={search_term_string}\",\"query-input\":\"required name=search_term_string\"}],\"inLanguage\":\"es\"},{\"@type\":\"WebPage\",\"@id\":\"http:\/\/www.funimec.org\/portal\/index.php\/nosotros\/#webpage\",\"url\":\"http:\/\/www.funimec.org\/portal\/index.php\/nosotros\/\",\"name\":\"Nosotros - FUNIMEC\",\"isPartOf\":{\"@id\":\"http:\/\/www.funimec.org\/portal\/#website\"},\"datePublished\":\"2021-01-28T17:14:16+00:00\",\"dateModified\":\"2021-01-28T17:28:27+00:00\",\"inLanguage\":\"es\",\"potentialAction\":[{\"@type\":\"ReadAction\",\"target\":[\"http:\/\/www.funimec.org\/portal\/index.php\/nosotros\/\"]}]}]}<\/script>\n<!-- \/ Yoast SEO plugin. -->","_links":{"self":[{"href":"http:\/\/www.funimec.org\/portal\/index.php\/wp-json\/wp\/v2\/pages\/30","targetHints":{"allow":["GET"]}}],"collection":[{"href":"http:\/\/www.funimec.org\/portal\/index.php\/wp-json\/wp\/v2\/pages"}],"about":[{"href":"http:\/\/www.funimec.org\/portal\/index.php\/wp-json\/wp\/v2\/types\/page"}],"author":[{"embeddable":true,"href":"http:\/\/www.funimec.org\/portal\/index.php\/wp-json\/wp\/v2\/users\/1"}],"replies":[{"embeddable":true,"href":"http:\/\/www.funimec.org\/portal\/index.php\/wp-json\/wp\/v2\/comments?post=30"}],"version-history":[{"count":3,"href":"http:\/\/www.funimec.org\/portal\/index.php\/wp-json\/wp\/v2\/pages\/30\/revisions"}],"predecessor-version":[{"id":33,"href":"http:\/\/www.funimec.org\/portal\/index.php\/wp-json\/wp\/v2\/pages\/30\/revisions\/33"}],"wp:attachment":[{"href":"http:\/\/www.funimec.org\/portal\/index.php\/wp-json\/wp\/v2\/media?parent=30"}],"curies":[{"name":"wp","href":"https:\/\/api.w.org\/{rel}","templated":true}]}}