{"id":25,"date":"2021-01-28T17:12:53","date_gmt":"2021-01-28T17:12:53","guid":{"rendered":"http:\/\/www.funimec.org\/portal\/?page_id=25"},"modified":"2024-06-28T22:58:42","modified_gmt":"2024-06-28T22:58:42","slug":"servicios","status":"publish","type":"page","link":"http:\/\/www.funimec.org\/portal\/index.php\/servicios\/","title":{"rendered":"Repositorio"},"content":{"rendered":"<p><strong>Manuales T\u00e9cnicos<\/strong><\/p>\n<ul>\n<li><a href=\"https:\/\/www.funimec.org\/repositorio\/manuales-tecnicos\/Manual-para-el-dise%C3%B1o-de-acciones-de-capacitacion-acreditables.pdf\" target=\"_blank\" rel=\"noopener\">Manual para la acreditaci\u00f3n de organizaciones de formaci\u00f3n<\/a><\/li>\n<li><a href=\"https:\/\/www.funimec.org\/repositorio\/manuales-tecnicos\/Registro-internacional-de-organismos-de-fomacion-continua.pdf\" target=\"_blank\" rel=\"noopener\">Registro internacional de organismos de formaci\u00f3n continua<\/a> (marco regulatorio)<\/li>\n<\/ul>\n<p><strong>Repositorio T\u00e9cnico<\/strong><\/p>\n<ul>\n<li><a href=\"https:\/\/www.funimec.org\/repositorio\/repositorio\/circulo-mejora-continua.pdf\" target=\"_blank\" rel=\"noopener\">Circulo de la mejora continua<\/a> \u00b7 por Agustin Martos<\/li>\n<\/ul>\n<p><strong>Repositorio educativo<\/strong><\/p>\n<ul>\n<li><a href=\"https:\/\/www.funimec.org\/repositorio\/repositorio\/innovacion-elemento-clave-en-los-procesos-de-ense%C3%B1anza-aprendizaje-modernos.pdf\" target=\"_blank\" rel=\"noopener\">Innovaci\u00f3n: elemento clave en los procesos de ense\u00f1anza aprendizaje modernos<\/a><\/li>\n<li><a href=\"https:\/\/www.funimec.org\/portal\/index.php\/2024\/06\/28\/los-objetivos-de-desarrollo-sostenible-ods\/\" target=\"_blank\" rel=\"noopener\">Los objetivos de desarrollo sostenible (ODS)<\/a><\/li>\n<\/ul>\n<p>Reglamento interno<\/p>\n<ul>\n<li><a href=\"https:\/\/www.funimec.org\/portal\/index.php\/2024\/06\/28\/reglamento-para-la-acreditacion-en-responsabilidad-social-empresarial-rse-vinculada-a-los-objetivos-de-desarrollo-sostenible-ods-de-la-onu\/\" target=\"_blank\" rel=\"noopener\">Reglamento para la acreditaci\u00f3n en el sello RSE de FUNIMEC<\/a><\/li>\n<li><a href=\"https:\/\/www.funimec.org\/portal\/index.php\/2024\/06\/28\/reglamento-para-la-acreditacion-green-cert-de-funimec\/\" target=\"_blank\" rel=\"noopener\">Reglamento para la acreditaci\u00f3n en el sello GREEN CERT de FUNIMEC<\/a><\/li>\n<li><a href=\"https:\/\/www.funimec.org\/portal\/index.php\/2024\/06\/28\/reglamento-para-la-acreditacion-educativa-de-funimec-vinculada-a-los-objetivos-de-desarrollo-sostenible-ods-de-la-onu\/\" target=\"_blank\" rel=\"noopener\">Reglamento para la acreditaci\u00f3n en el sello EDUCATIO de FUNIMEC<\/a><\/li>\n<\/ul>\n","protected":false},"excerpt":{"rendered":"<p>Manuales T\u00e9cnicos Manual para la acreditaci\u00f3n de organizaciones de formaci\u00f3n Registro internacional de organismos de formaci\u00f3n continua (marco regulatorio) Repositorio T\u00e9cnico Circulo de la mejora continua \u00b7 por Agustin Martos Repositorio educativo Innovaci\u00f3n: elemento clave en los procesos de ense\u00f1anza aprendizaje modernos Los objetivos de desarrollo sostenible (ODS) Reglamento interno Reglamento para la acreditaci\u00f3n en&hellip; <br \/> <a class=\"read-more\" href=\"http:\/\/www.funimec.org\/portal\/index.php\/servicios\/\">Leer m\u00e1s<\/a><\/p>\n","protected":false},"author":1,"featured_media":0,"parent":0,"menu_order":0,"comment_status":"closed","ping_status":"closed","template":"","meta":{"footnotes":""},"class_list":["post-25","page","type-page","status-publish","hentry"],"yoast_head":"<!-- This site is optimized with the Yoast SEO plugin v15.7 - https:\/\/yoast.com\/wordpress\/plugins\/seo\/ -->\n<title>Repositorio - FUNIMEC<\/title>\n<meta name=\"robots\" content=\"index, follow, max-snippet:-1, max-image-preview:large, max-video-preview:-1\" \/>\n<link rel=\"canonical\" href=\"http:\/\/www.funimec.org\/portal\/index.php\/servicios\/\" \/>\n<meta property=\"og:locale\" content=\"es_ES\" \/>\n<meta property=\"og:type\" content=\"article\" \/>\n<meta property=\"og:title\" content=\"Repositorio - FUNIMEC\" \/>\n<meta property=\"og:description\" content=\"Manuales T\u00e9cnicos Manual para la acreditaci\u00f3n de organizaciones de formaci\u00f3n Registro internacional de organismos de formaci\u00f3n continua (marco regulatorio) Repositorio T\u00e9cnico Circulo de la mejora continua \u00b7 por Agustin Martos Repositorio educativo Innovaci\u00f3n: elemento clave en los procesos de ense\u00f1anza aprendizaje modernos Los objetivos de desarrollo sostenible (ODS) Reglamento interno Reglamento para la acreditaci\u00f3n en&hellip; Leer m\u00e1s\" \/>\n<meta property=\"og:url\" content=\"http:\/\/www.funimec.org\/portal\/index.php\/servicios\/\" \/>\n<meta property=\"og:site_name\" content=\"FUNIMEC\" \/>\n<meta property=\"article:modified_time\" content=\"2024-06-28T22:58:42+00:00\" \/>\n<meta name=\"twitter:card\" content=\"summary_large_image\" \/>\n<meta name=\"twitter:label1\" content=\"Tiempo de lectura\">\n\t<meta name=\"twitter:data1\" content=\"1 minuto\">\n<script type=\"application\/ld+json\" class=\"yoast-schema-graph\">{\"@context\":\"https:\/\/schema.org\",\"@graph\":[{\"@type\":\"WebSite\",\"@id\":\"http:\/\/www.funimec.org\/portal\/#website\",\"url\":\"http:\/\/www.funimec.org\/portal\/\",\"name\":\"FUNIMEC\",\"description\":\"Fundaci&oacute;n Internacional para la Mejora Continua\",\"potentialAction\":[{\"@type\":\"SearchAction\",\"target\":\"http:\/\/www.funimec.org\/portal\/?s={search_term_string}\",\"query-input\":\"required name=search_term_string\"}],\"inLanguage\":\"es\"},{\"@type\":\"WebPage\",\"@id\":\"http:\/\/www.funimec.org\/portal\/index.php\/servicios\/#webpage\",\"url\":\"http:\/\/www.funimec.org\/portal\/index.php\/servicios\/\",\"name\":\"Repositorio - FUNIMEC\",\"isPartOf\":{\"@id\":\"http:\/\/www.funimec.org\/portal\/#website\"},\"datePublished\":\"2021-01-28T17:12:53+00:00\",\"dateModified\":\"2024-06-28T22:58:42+00:00\",\"inLanguage\":\"es\",\"potentialAction\":[{\"@type\":\"ReadAction\",\"target\":[\"http:\/\/www.funimec.org\/portal\/index.php\/servicios\/\"]}]}]}<\/script>\n<!-- \/ Yoast SEO plugin. -->","_links":{"self":[{"href":"http:\/\/www.funimec.org\/portal\/index.php\/wp-json\/wp\/v2\/pages\/25","targetHints":{"allow":["GET"]}}],"collection":[{"href":"http:\/\/www.funimec.org\/portal\/index.php\/wp-json\/wp\/v2\/pages"}],"about":[{"href":"http:\/\/www.funimec.org\/portal\/index.php\/wp-json\/wp\/v2\/types\/page"}],"author":[{"embeddable":true,"href":"http:\/\/www.funimec.org\/portal\/index.php\/wp-json\/wp\/v2\/users\/1"}],"replies":[{"embeddable":true,"href":"http:\/\/www.funimec.org\/portal\/index.php\/wp-json\/wp\/v2\/comments?post=25"}],"version-history":[{"count":10,"href":"http:\/\/www.funimec.org\/portal\/index.php\/wp-json\/wp\/v2\/pages\/25\/revisions"}],"predecessor-version":[{"id":174,"href":"http:\/\/www.funimec.org\/portal\/index.php\/wp-json\/wp\/v2\/pages\/25\/revisions\/174"}],"wp:attachment":[{"href":"http:\/\/www.funimec.org\/portal\/index.php\/wp-json\/wp\/v2\/media?parent=25"}],"curies":[{"name":"wp","href":"https:\/\/api.w.org\/{rel}","templated":true}]}}